{"id":7318,"date":"2023-12-28T19:56:00","date_gmt":"2023-12-28T19:56:00","guid":{"rendered":"http:\/\/www.prenovaglobal.com\/?page_id=7318"},"modified":"2024-02-16T17:37:12","modified_gmt":"2024-02-16T17:37:12","slug":"nosotros","status":"publish","type":"page","link":"https:\/\/www.prenovaglobal.com\/?page_id=7318&lang=es","title":{"rendered":"Nosotros"},"content":{"rendered":"\t\t<div data-elementor-type=\"wp-post\" data-elementor-id=\"7318\" class=\"elementor elementor-7318\">\n\t\t\t\t<div class=\"elementor-element elementor-element-7a51726 e-flex e-con-boxed e-con e-parent\" data-id=\"7a51726\" data-element_type=\"container\" data-e-type=\"container\">\n\t\t\t\t\t<div class=\"e-con-inner\">\n\t\t\t\t<div class=\"elementor-element elementor-element-4b3c0dd elementor-widget elementor-widget-image\" data-id=\"4b3c0dd\" data-element_type=\"widget\" data-e-type=\"widget\" data-widget_type=\"image.default\">\n\t\t\t\t<div class=\"elementor-widget-container\">\n\t\t\t\t\t\t\t\t\t\t\t\t\t\t\t<img fetchpriority=\"high\" decoding=\"async\" width=\"950\" height=\"315\" src=\"https:\/\/www.prenovaglobal.com\/wp-content\/uploads\/2024\/02\/prenova-inicio-proyectos-1.webp\" class=\"attachment-large size-large wp-image-9713\" alt=\"\" srcset=\"https:\/\/www.prenovaglobal.com\/wp-content\/uploads\/2024\/02\/prenova-inicio-proyectos-1.webp 1024w, https:\/\/www.prenovaglobal.com\/wp-content\/uploads\/2024\/02\/prenova-inicio-proyectos-1-300x100.webp 300w\" sizes=\"100vw\" \/>\t\t\t\t\t\t\t\t\t\t\t\t\t\t\t<\/div>\n\t\t\t\t<\/div>\n\t\t\t\t\t<\/div>\n\t\t\t\t<\/div>\n\t\t<div class=\"elementor-element elementor-element-c778183 e-flex e-con-boxed e-con e-parent\" data-id=\"c778183\" data-element_type=\"container\" data-e-type=\"container\">\n\t\t\t\t\t<div class=\"e-con-inner\">\n\t\t\t\t<div class=\"elementor-element elementor-element-c918fc8 elementor-widget__width-initial elementor-widget-mobile__width-initial elementor-widget elementor-widget-text-editor\" data-id=\"c918fc8\" data-element_type=\"widget\" data-e-type=\"widget\" data-widget_type=\"text-editor.default\">\n\t\t\t\t<div class=\"elementor-widget-container\">\n\t\t\t\t\t\t\t\t\t<h2><span style=\"color: #005239;\">Origen<\/span><\/h2><p>Ricardo Levinton, un arquitecto argentino, dedic\u00f3 40 a\u00f1os de su vida a estudiar los sistemas estructurales de la naturaleza. Le fascinaban la estructura y la composici\u00f3n de los esqueletos y los huesos, que tienen aire en su interior. Tras una larga investigaci\u00f3n, logr\u00f3 reproducirlos en concreto y adaptarlos a la construcci\u00f3n moderna.<\/p><p>As\u00ed naci\u00f3 <strong>PRENOVA<\/strong>, <em>una empresa basada en la tecnolog\u00eda y la innovaci\u00f3n aplicadas a la arquitectura.<\/em> Su misi\u00f3n es dise\u00f1ar y construir estructuras sin vigas, livianas y sustentables.<\/p><p>Actualmente, se han desarrollado m\u00e1s de 1.000.000 de m\u00b2 sustentables y producido m\u00e1s de 10.000.000 de discos y esferas de pl\u00e1stico reciclado.<\/p>\t\t\t\t\t\t\t\t<\/div>\n\t\t\t\t<\/div>\n\t\t<div class=\"elementor-element elementor-element-58b0d46 e-con-full e-flex e-con e-child\" data-id=\"58b0d46\" data-element_type=\"container\" data-e-type=\"container\">\n\t\t\t\t<div class=\"elementor-element elementor-element-929af98 elementor-widget elementor-widget-image\" data-id=\"929af98\" data-element_type=\"widget\" data-e-type=\"widget\" data-widget_type=\"image.default\">\n\t\t\t\t<div class=\"elementor-widget-container\">\n\t\t\t\t\t\t\t\t\t\t\t\t\t\t\t<img decoding=\"async\" width=\"800\" height=\"800\" src=\"https:\/\/www.prenovaglobal.com\/wp-content\/uploads\/2024\/02\/prenova-ricardo-levinton.webp\" class=\"attachment-large size-large wp-image-9714\" alt=\"Ricardo Levinton, director de Prenova\" srcset=\"https:\/\/www.prenovaglobal.com\/wp-content\/uploads\/2024\/02\/prenova-ricardo-levinton.webp 800w, https:\/\/www.prenovaglobal.com\/wp-content\/uploads\/2024\/02\/prenova-ricardo-levinton-300x300.webp 300w, https:\/\/www.prenovaglobal.com\/wp-content\/uploads\/2024\/02\/prenova-ricardo-levinton-150x150.webp 150w\" sizes=\"100vw\" \/>\t\t\t\t\t\t\t\t\t\t\t\t\t\t\t<\/div>\n\t\t\t\t<\/div>\n\t\t\t\t<\/div>\n\t\t\t\t\t<\/div>\n\t\t\t\t<\/div>\n\t\t<div class=\"elementor-element elementor-element-8c60aba e-flex e-con-boxed e-con e-parent\" data-id=\"8c60aba\" data-element_type=\"container\" data-e-type=\"container\">\n\t\t\t\t\t<div class=\"e-con-inner\">\n\t\t\t\t<div class=\"elementor-element elementor-element-f9b53c4 elementor-widget__width-inherit elementor-arrows-position-inside elementor-pagination-position-outside elementor-widget elementor-widget-image-carousel\" data-id=\"f9b53c4\" data-element_type=\"widget\" data-e-type=\"widget\" data-settings=\"{&quot;navigation&quot;:&quot;both&quot;,&quot;autoplay&quot;:&quot;yes&quot;,&quot;pause_on_hover&quot;:&quot;yes&quot;,&quot;pause_on_interaction&quot;:&quot;yes&quot;,&quot;autoplay_speed&quot;:5000,&quot;infinite&quot;:&quot;yes&quot;,&quot;speed&quot;:500}\" data-widget_type=\"image-carousel.default\">\n\t\t\t\t<div class=\"elementor-widget-container\">\n\t\t\t\t\t\t\t<div class=\"elementor-image-carousel-wrapper swiper\" role=\"region\" aria-roledescription=\"carousel\" aria-label=\"Carrusel de im\u00e1genes\" dir=\"ltr\">\n\t\t\t<div class=\"elementor-image-carousel swiper-wrapper\" aria-live=\"off\">\n\t\t\t\t\t\t\t\t<div class=\"swiper-slide\" role=\"group\" aria-roledescription=\"slide\" aria-label=\"1 de 7\"><a data-elementor-open-lightbox=\"yes\" data-elementor-lightbox-slideshow=\"f9b53c4\" data-elementor-lightbox-title=\"Aeropuerto Zvartnots | Primer proyecto utilizando el sistema de Losas sin vigas alivianadas con discos o esferas\" data-e-action-hash=\"#elementor-action%3Aaction%3Dlightbox%26settings%3DeyJpZCI6OTcxNywidXJsIjoiaHR0cHM6XC9cL3d3dy5wcmVub3ZhZ2xvYmFsLmNvbVwvd3AtY29udGVudFwvdXBsb2Fkc1wvMjAyNFwvMDJcL1BSRU5PVkEtbm9zb3Ryb3MtMy53ZWJwIiwic2xpZGVzaG93IjoiZjliNTNjNCJ9\" href=\"https:\/\/www.prenovaglobal.com\/wp-content\/uploads\/2024\/02\/PRENOVA-nosotros-3.webp\"><figure class=\"swiper-slide-inner\"><img decoding=\"async\" class=\"swiper-slide-image\" src=\"https:\/\/www.prenovaglobal.com\/wp-content\/uploads\/2024\/02\/PRENOVA-nosotros-3.webp\" alt=\"Aeropuerto Zvartnots | Primer proyecto utilizando el sistema de Losas sin vigas alivianadas con discos o esferas\" \/><\/figure><\/a><\/div><div class=\"swiper-slide\" role=\"group\" aria-roledescription=\"slide\" aria-label=\"2 de 7\"><a data-elementor-open-lightbox=\"yes\" data-elementor-lightbox-slideshow=\"f9b53c4\" data-elementor-lightbox-title=\"Aeropuerto Zvartnots | Primer proyecto utilizando el sistema de Losas sin vigas alivianadas con discos o esferas\" data-e-action-hash=\"#elementor-action%3Aaction%3Dlightbox%26settings%3DeyJpZCI6OTcxNiwidXJsIjoiaHR0cHM6XC9cL3d3dy5wcmVub3ZhZ2xvYmFsLmNvbVwvd3AtY29udGVudFwvdXBsb2Fkc1wvMjAyNFwvMDJcL1BSRU5PVkEtbm9zb3Ryb3MtMi53ZWJwIiwic2xpZGVzaG93IjoiZjliNTNjNCJ9\" href=\"https:\/\/www.prenovaglobal.com\/wp-content\/uploads\/2024\/02\/PRENOVA-nosotros-2.webp\"><figure class=\"swiper-slide-inner\"><img decoding=\"async\" class=\"swiper-slide-image\" src=\"https:\/\/www.prenovaglobal.com\/wp-content\/uploads\/2024\/02\/PRENOVA-nosotros-2.webp\" alt=\"Aeropuerto Zvartnots | Primer proyecto utilizando el sistema de Losas sin vigas alivianadas con discos o esferas\" \/><\/figure><\/a><\/div><div class=\"swiper-slide\" role=\"group\" aria-roledescription=\"slide\" aria-label=\"3 de 7\"><a data-elementor-open-lightbox=\"yes\" data-elementor-lightbox-slideshow=\"f9b53c4\" data-elementor-lightbox-title=\"Aeropuerto Zvartnots | Primer proyecto utilizando el sistema de Losas sin vigas alivianadas con discos o esferas\" data-e-action-hash=\"#elementor-action%3Aaction%3Dlightbox%26settings%3DeyJpZCI6OTcxOCwidXJsIjoiaHR0cHM6XC9cL3d3dy5wcmVub3ZhZ2xvYmFsLmNvbVwvd3AtY29udGVudFwvdXBsb2Fkc1wvMjAyNFwvMDJcL1BSRU5PVkEtbm9zb3Ryb3MtNC53ZWJwIiwic2xpZGVzaG93IjoiZjliNTNjNCJ9\" href=\"https:\/\/www.prenovaglobal.com\/wp-content\/uploads\/2024\/02\/PRENOVA-nosotros-4.webp\"><figure class=\"swiper-slide-inner\"><img decoding=\"async\" class=\"swiper-slide-image\" src=\"https:\/\/www.prenovaglobal.com\/wp-content\/uploads\/2024\/02\/PRENOVA-nosotros-4.webp\" alt=\"Aeropuerto Zvartnots | Primer proyecto utilizando el sistema de Losas sin vigas alivianadas con discos o esferas\" \/><\/figure><\/a><\/div><div class=\"swiper-slide\" role=\"group\" aria-roledescription=\"slide\" aria-label=\"4 de 7\"><a data-elementor-open-lightbox=\"yes\" data-elementor-lightbox-slideshow=\"f9b53c4\" data-elementor-lightbox-title=\"Ricardo Levinton, director de Prenova\" data-e-action-hash=\"#elementor-action%3Aaction%3Dlightbox%26settings%3DeyJpZCI6OTcyMCwidXJsIjoiaHR0cHM6XC9cL3d3dy5wcmVub3ZhZ2xvYmFsLmNvbVwvd3AtY29udGVudFwvdXBsb2Fkc1wvMjAyNFwvMDJcL1BSRU5PVkEtbm9zb3Ryb3MtNi53ZWJwIiwic2xpZGVzaG93IjoiZjliNTNjNCJ9\" href=\"https:\/\/www.prenovaglobal.com\/wp-content\/uploads\/2024\/02\/PRENOVA-nosotros-6.webp\"><figure class=\"swiper-slide-inner\"><img decoding=\"async\" class=\"swiper-slide-image\" src=\"https:\/\/www.prenovaglobal.com\/wp-content\/uploads\/2024\/02\/PRENOVA-nosotros-6.webp\" alt=\"Ricardo Levinton, director de Prenova\" \/><\/figure><\/a><\/div><div class=\"swiper-slide\" role=\"group\" aria-roledescription=\"slide\" aria-label=\"5 de 7\"><a data-elementor-open-lightbox=\"yes\" data-elementor-lightbox-slideshow=\"f9b53c4\" data-elementor-lightbox-title=\"Ricardo Levinton, Luciana Levinton y Oscar Niemeyer\" data-e-action-hash=\"#elementor-action%3Aaction%3Dlightbox%26settings%3DeyJpZCI6OTcyMSwidXJsIjoiaHR0cHM6XC9cL3d3dy5wcmVub3ZhZ2xvYmFsLmNvbVwvd3AtY29udGVudFwvdXBsb2Fkc1wvMjAyNFwvMDJcL1BSRU5PVkEtbm9zb3Ryb3MtNy53ZWJwIiwic2xpZGVzaG93IjoiZjliNTNjNCJ9\" href=\"https:\/\/www.prenovaglobal.com\/wp-content\/uploads\/2024\/02\/PRENOVA-nosotros-7.webp\"><figure class=\"swiper-slide-inner\"><img decoding=\"async\" class=\"swiper-slide-image\" src=\"https:\/\/www.prenovaglobal.com\/wp-content\/uploads\/2024\/02\/PRENOVA-nosotros-7.webp\" alt=\"Ricardo Levinton, Luciana Levinton y Oscar Niemeyer\" \/><\/figure><\/a><\/div><div class=\"swiper-slide\" role=\"group\" aria-roledescription=\"slide\" aria-label=\"6 de 7\"><a data-elementor-open-lightbox=\"yes\" data-elementor-lightbox-slideshow=\"f9b53c4\" data-elementor-lightbox-title=\"Ricardo Levinton y Diego S\u00e1ez exponiendo en INNOVAR (Argentina, 2022)\" data-e-action-hash=\"#elementor-action%3Aaction%3Dlightbox%26settings%3DeyJpZCI6OTcxOSwidXJsIjoiaHR0cHM6XC9cL3d3dy5wcmVub3ZhZ2xvYmFsLmNvbVwvd3AtY29udGVudFwvdXBsb2Fkc1wvMjAyNFwvMDJcL1BSRU5PVkEtbm9zb3Ryb3MtNS53ZWJwIiwic2xpZGVzaG93IjoiZjliNTNjNCJ9\" href=\"https:\/\/www.prenovaglobal.com\/wp-content\/uploads\/2024\/02\/PRENOVA-nosotros-5.webp\"><figure class=\"swiper-slide-inner\"><img decoding=\"async\" class=\"swiper-slide-image\" src=\"https:\/\/www.prenovaglobal.com\/wp-content\/uploads\/2024\/02\/PRENOVA-nosotros-5.webp\" alt=\"Ricardo Levinton y Diego S\u00e1ez exponiendo en INNOVAR (Argentina, 2022)\" \/><\/figure><\/a><\/div><div class=\"swiper-slide\" role=\"group\" aria-roledescription=\"slide\" aria-label=\"7 de 7\"><a data-elementor-open-lightbox=\"yes\" data-elementor-lightbox-slideshow=\"f9b53c4\" data-elementor-lightbox-title=\"Ricardo Levinton y Carolina Levinton exponiendo en Feria Construmat (Espa\u00f1a, 2023)\" data-e-action-hash=\"#elementor-action%3Aaction%3Dlightbox%26settings%3DeyJpZCI6OTcxNSwidXJsIjoiaHR0cHM6XC9cL3d3dy5wcmVub3ZhZ2xvYmFsLmNvbVwvd3AtY29udGVudFwvdXBsb2Fkc1wvMjAyNFwvMDJcL1BSRU5PVkEtbm9zb3Ryb3MtMS53ZWJwIiwic2xpZGVzaG93IjoiZjliNTNjNCJ9\" href=\"https:\/\/www.prenovaglobal.com\/wp-content\/uploads\/2024\/02\/PRENOVA-nosotros-1.webp\"><figure class=\"swiper-slide-inner\"><img decoding=\"async\" class=\"swiper-slide-image\" src=\"https:\/\/www.prenovaglobal.com\/wp-content\/uploads\/2024\/02\/PRENOVA-nosotros-1.webp\" alt=\"Ricardo Levinton y Carolina Levinton exponiendo en Feria Construmat (Espa\u00f1a, 2023)\" \/><\/figure><\/a><\/div>\t\t\t<\/div>\n\t\t\t\t\t\t\t\t\t\t\t\t<div class=\"elementor-swiper-button elementor-swiper-button-prev\" role=\"button\" tabindex=\"0\">\n\t\t\t\t\t\t<svg aria-hidden=\"true\" class=\"e-font-icon-svg e-eicon-chevron-left\" viewBox=\"0 0 1000 1000\" xmlns=\"http:\/\/www.w3.org\/2000\/svg\"><path d=\"M646 125C629 125 613 133 604 142L308 442C296 454 292 471 292 487 292 504 296 521 308 533L604 854C617 867 629 875 646 875 663 875 679 871 692 858 704 846 713 829 713 812 713 796 708 779 692 767L438 487 692 225C700 217 708 204 708 187 708 171 704 154 692 142 675 129 663 125 646 125Z\"><\/path><\/svg>\t\t\t\t\t<\/div>\n\t\t\t\t\t<div class=\"elementor-swiper-button elementor-swiper-button-next\" role=\"button\" tabindex=\"0\">\n\t\t\t\t\t\t<svg aria-hidden=\"true\" class=\"e-font-icon-svg e-eicon-chevron-right\" viewBox=\"0 0 1000 1000\" xmlns=\"http:\/\/www.w3.org\/2000\/svg\"><path d=\"M696 533C708 521 713 504 713 487 713 471 708 454 696 446L400 146C388 133 375 125 354 125 338 125 325 129 313 142 300 154 292 171 292 187 292 204 296 221 308 233L563 492 304 771C292 783 288 800 288 817 288 833 296 850 308 863 321 871 338 875 354 875 371 875 388 867 400 854L696 533Z\"><\/path><\/svg>\t\t\t\t\t<\/div>\n\t\t\t\t\n\t\t\t\t\t\t\t\t\t<div class=\"swiper-pagination\"><\/div>\n\t\t\t\t\t\t\t\t\t<\/div>\n\t\t\t\t\t\t<\/div>\n\t\t\t\t<\/div>\n\t\t\t\t\t<\/div>\n\t\t\t\t<\/div>\n\t\t\t\t<\/div>\n\t\t","protected":false},"excerpt":{"rendered":"<p>Origen Ricardo Levinton, un arquitecto argentino, dedic\u00f3 40 a\u00f1os de su vida a estudiar los sistemas estructurales de la naturaleza. Le fascinaban la estructura y la composici\u00f3n de los esqueletos y los huesos, que tienen aire en su interior. Tras una larga investigaci\u00f3n, logr\u00f3 reproducirlos en concreto y adaptarlos a la construcci\u00f3n moderna. As\u00ed naci\u00f3 &hellip; <\/p>\n<p class=\"link-more\"><a href=\"https:\/\/www.prenovaglobal.com\/?page_id=7318&#038;lang=es\" class=\"more-link\">Read more<span class=\"screen-reader-text\"> &#8220;Nosotros&#8221;<\/span><\/a><\/p>\n","protected":false},"author":2,"featured_media":0,"parent":0,"menu_order":0,"comment_status":"closed","ping_status":"closed","template":"","meta":{"_monsterinsights_skip_tracking":false,"_monsterinsights_sitenote_active":false,"_monsterinsights_sitenote_note":"","_monsterinsights_sitenote_category":0,"inspiro_hide_title":false,"footnotes":""},"class_list":["post-7318","page","type-page","status-publish","hentry"],"aioseo_notices":[],"_links":{"self":[{"href":"https:\/\/www.prenovaglobal.com\/index.php?rest_route=\/wp\/v2\/pages\/7318","targetHints":{"allow":["GET"]}}],"collection":[{"href":"https:\/\/www.prenovaglobal.com\/index.php?rest_route=\/wp\/v2\/pages"}],"about":[{"href":"https:\/\/www.prenovaglobal.com\/index.php?rest_route=\/wp\/v2\/types\/page"}],"author":[{"embeddable":true,"href":"https:\/\/www.prenovaglobal.com\/index.php?rest_route=\/wp\/v2\/users\/2"}],"replies":[{"embeddable":true,"href":"https:\/\/www.prenovaglobal.com\/index.php?rest_route=%2Fwp%2Fv2%2Fcomments&post=7318"}],"version-history":[{"count":63,"href":"https:\/\/www.prenovaglobal.com\/index.php?rest_route=\/wp\/v2\/pages\/7318\/revisions"}],"predecessor-version":[{"id":9733,"href":"https:\/\/www.prenovaglobal.com\/index.php?rest_route=\/wp\/v2\/pages\/7318\/revisions\/9733"}],"wp:attachment":[{"href":"https:\/\/www.prenovaglobal.com\/index.php?rest_route=%2Fwp%2Fv2%2Fmedia&parent=7318"}],"curies":[{"name":"wp","href":"https:\/\/api.w.org\/{rel}","templated":true}]}}