{"id":4964,"date":"2022-08-10T04:12:16","date_gmt":"2022-08-10T04:12:16","guid":{"rendered":"http:\/\/www.prenovaglobal.com\/?page_id=4964"},"modified":"2024-05-16T20:34:04","modified_gmt":"2024-05-16T20:34:04","slug":"contacto","status":"publish","type":"page","link":"https:\/\/www.prenovaglobal.com\/?page_id=4964&lang=es","title":{"rendered":"Contacto"},"content":{"rendered":"\t\t<div data-elementor-type=\"wp-page\" data-elementor-id=\"4964\" class=\"elementor elementor-4964\">\n\t\t\t\t<div class=\"elementor-element elementor-element-84d2474 e-flex e-con-boxed e-con e-parent\" data-id=\"84d2474\" data-element_type=\"container\" data-e-type=\"container\">\n\t\t\t\t\t<div class=\"e-con-inner\">\n\t\t\t\t\t<\/div>\n\t\t\t\t<\/div>\n\t\t<div class=\"elementor-element elementor-element-e019186 e-flex e-con-boxed e-con e-parent\" data-id=\"e019186\" data-element_type=\"container\" data-e-type=\"container\">\n\t\t\t\t\t<div class=\"e-con-inner\">\n\t\t\t\t<div class=\"elementor-element elementor-element-c472378 elementor-widget__width-inherit elementor-absolute elementor-invisible elementor-widget elementor-widget-heading\" data-id=\"c472378\" data-element_type=\"widget\" data-e-type=\"widget\" data-settings=\"{&quot;_position&quot;:&quot;absolute&quot;,&quot;_animation&quot;:&quot;fadeInUp&quot;}\" data-widget_type=\"heading.default\">\n\t\t\t\t<div class=\"elementor-widget-container\">\n\t\t\t\t\t<h2 class=\"elementor-heading-title elementor-size-default\">Comun\u00edcate con Prenova<\/h2>\t\t\t\t<\/div>\n\t\t\t\t<\/div>\n\t\t\t\t\t<\/div>\n\t\t\t\t<\/div>\n\t\t<div class=\"elementor-element elementor-element-f92fd7f e-con-full e-flex e-con e-parent\" data-id=\"f92fd7f\" data-element_type=\"container\" data-e-type=\"container\" data-settings=\"{&quot;background_background&quot;:&quot;classic&quot;}\">\n\t\t<div class=\"elementor-element elementor-element-f2af8e6 e-con-full e-flex e-con e-child\" data-id=\"f2af8e6\" data-element_type=\"container\" data-e-type=\"container\">\n\t\t<div class=\"elementor-element elementor-element-b9719d1 e-flex e-con-boxed e-con e-child\" data-id=\"b9719d1\" data-element_type=\"container\" data-e-type=\"container\" data-settings=\"{&quot;background_background&quot;:&quot;classic&quot;}\">\n\t\t\t\t\t<div class=\"e-con-inner\">\n\t\t\t\t<div class=\"elementor-element elementor-element-a585636 elementor-invisible elementor-widget elementor-widget-wpforms\" data-id=\"a585636\" data-element_type=\"widget\" data-e-type=\"widget\" data-settings=\"{&quot;_animation&quot;:&quot;fadeInUp&quot;}\" data-widget_type=\"wpforms.default\">\n\t\t\t\t<div class=\"elementor-widget-container\">\n\t\t\t\t\t<div class=\"wpforms-container wpforms-container-full\" id=\"wpforms-7703\"><form id=\"wpforms-form-7703\" class=\"wpforms-validate wpforms-form wpforms-ajax-form\" data-formid=\"7703\" method=\"post\" enctype=\"multipart\/form-data\" action=\"\/index.php?rest_route=%2Fwp%2Fv2%2Fpages%2F4964\" data-token=\"f3053cfcd573c6113c7b1ca73a2a175d\" data-token-time=\"1776952795\"><noscript class=\"wpforms-error-noscript\">Please enable JavaScript in your browser to complete this form.<\/noscript><div class=\"wpforms-field-container\"><div id=\"wpforms-7703-field_3-container\" class=\"wpforms-field wpforms-field-name\" data-field-id=\"3\"><label class=\"wpforms-field-label\" for=\"wpforms-7703-field_3\">Nombre y Apellido <span class=\"wpforms-required-label\">*<\/span><\/label><div class=\"wpforms-field-row wpforms-field-medium\"><div class=\"wpforms-field-row-block wpforms-first wpforms-one-half\"><input type=\"text\" id=\"wpforms-7703-field_3\" class=\"wpforms-field-name-first wpforms-field-required\" name=\"wpforms[fields][3][first]\" required><label for=\"wpforms-7703-field_3\" class=\"wpforms-field-sublabel after wpforms-sublabel-hide\">First<\/label><\/div><div class=\"wpforms-field-row-block wpforms-one-half\"><input type=\"text\" id=\"wpforms-7703-field_3-last\" class=\"wpforms-field-name-last wpforms-field-required\" name=\"wpforms[fields][3][last]\" required><label for=\"wpforms-7703-field_3-last\" class=\"wpforms-field-sublabel after wpforms-sublabel-hide\">Last<\/label><\/div><\/div><\/div><div id=\"wpforms-7703-field_1-container\" class=\"wpforms-field wpforms-field-email\" data-field-id=\"1\"><label class=\"wpforms-field-label\" for=\"wpforms-7703-field_1\">Email <span class=\"wpforms-required-label\">*<\/span><\/label><input type=\"email\" id=\"wpforms-7703-field_1\" class=\"wpforms-field-medium wpforms-field-required\" name=\"wpforms[fields][1]\" spellcheck=\"false\" required><\/div><div id=\"wpforms-7703-field_4-container\" class=\"wpforms-field wpforms-field-text\" data-field-id=\"4\"><label class=\"wpforms-field-label\" for=\"wpforms-7703-field_4\">Tel\u00e9fono<\/label><input type=\"text\" id=\"wpforms-7703-field_4\" class=\"wpforms-field-medium\" name=\"wpforms[fields][4]\" ><\/div><div id=\"wpforms-7703-field_5-container\" class=\"wpforms-field wpforms-field-text\" data-field-id=\"5\"><label class=\"wpforms-field-label\" for=\"wpforms-7703-field_5\">Empresa<\/label><input type=\"text\" id=\"wpforms-7703-field_5\" class=\"wpforms-field-medium\" name=\"wpforms[fields][5]\" ><\/div><div id=\"wpforms-7703-field_6-container\" class=\"wpforms-field wpforms-field-text\" data-field-id=\"6\"><label class=\"wpforms-field-label\" for=\"wpforms-7703-field_6\">Pa\u00eds<\/label><input type=\"text\" id=\"wpforms-7703-field_6\" class=\"wpforms-field-medium\" name=\"wpforms[fields][6]\" ><\/div><div id=\"wpforms-7703-field_2-container\" class=\"wpforms-field wpforms-field-textarea\" data-field-id=\"2\"><label class=\"wpforms-field-label\" for=\"wpforms-7703-field_2\">Mensaje<\/label><textarea id=\"wpforms-7703-field_2\" class=\"wpforms-field-medium\" name=\"wpforms[fields][2]\" ><\/textarea><\/div><\/div><!-- .wpforms-field-container --><div class=\"wpforms-recaptcha-container wpforms-is-recaptcha wpforms-is-recaptcha-type-invisible\" ><div class=\"g-recaptcha\" data-sitekey=\"6Lee9IApAAAAAOa4Zu8e8wh9Vf_1Z470mUlnl07X\" data-size=\"invisible\"><\/div><\/div><div class=\"wpforms-submit-container\" ><input type=\"hidden\" name=\"wpforms[id]\" value=\"7703\"><input type=\"hidden\" name=\"page_title\" value=\"\"><input type=\"hidden\" name=\"page_url\" value=\"https:\/\/www.prenovaglobal.com\/index.php?rest_route=\/wp\/v2\/pages\/4964\"><input type=\"hidden\" name=\"url_referer\" value=\"\"><button type=\"submit\" name=\"wpforms[submit]\" id=\"wpforms-submit-7703\" class=\"wpforms-submit botn-enviar\" data-alt-text=\"Enviando...\" data-submit-text=\"Enviar\" aria-live=\"assertive\" value=\"wpforms-submit\">Enviar<\/button><img decoding=\"async\" src=\"https:\/\/www.prenovaglobal.com\/wp-content\/plugins\/wpforms-lite\/assets\/images\/submit-spin.svg\" class=\"wpforms-submit-spinner\" style=\"display: none;\" width=\"26\" height=\"26\" alt=\"Loading\"><\/div><\/form><\/div>  <!-- .wpforms-container -->\t\t\t\t<\/div>\n\t\t\t\t<\/div>\n\t\t\t\t\t<\/div>\n\t\t\t\t<\/div>\n\t\t\t\t<\/div>\n\t\t<div class=\"elementor-element elementor-element-3014b67 e-con-full e-flex e-con e-child\" data-id=\"3014b67\" data-element_type=\"container\" data-e-type=\"container\">\n\t\t<div class=\"elementor-element elementor-element-5032ad2 e-flex e-con-boxed e-con e-child\" data-id=\"5032ad2\" data-element_type=\"container\" data-e-type=\"container\">\n\t\t\t\t\t<div class=\"e-con-inner\">\n\t\t<div class=\"elementor-element elementor-element-f625da1 e-flex e-con-boxed e-con e-child\" data-id=\"f625da1\" data-element_type=\"container\" data-e-type=\"container\" data-settings=\"{&quot;background_background&quot;:&quot;classic&quot;}\">\n\t\t\t\t\t<div class=\"e-con-inner\">\n\t\t\t\t<div class=\"elementor-element elementor-element-a4c9725 elementor-invisible elementor-widget elementor-widget-text-editor\" data-id=\"a4c9725\" data-element_type=\"widget\" data-e-type=\"widget\" data-settings=\"{&quot;_animation&quot;:&quot;fadeInUp&quot;}\" data-widget_type=\"text-editor.default\">\n\t\t\t\t<div class=\"elementor-widget-container\">\n\t\t\t\t\t\t\t\t\t<div class=\"elementor-element elementor-element-3bc7df01 elementor-widget elementor-widget-heading\" data-id=\"3bc7df01\" data-element_type=\"widget\" data-widget_type=\"heading.default\">\n<div class=\"elementor-widget-container\">\n\n<b>Nuestras oficinas centrales est\u00e1n localizadas en Buenos Aires, Argentina.<\/b><br><br>\n<strong style=\"color: var( --e-global-color-text ); text-align: var(--text-align);\">Nos encontrar\u00e1s aqu\u00ed:<\/strong><b>\n<\/b>\n<br>\n<span style=\"color: var( --e-global-color-text ); text-align: var(--text-align);\">H\u00fasares 2477 (CP:<\/span><span style=\"color: var( --e-global-color-text ); text-align: var(--text-align);\">1428) Bs. As., Argentina.<\/span>\n\n<\/div>\n<\/div>\n&nbsp;\n<div class=\"elementor-element elementor-element-d10c97c elementor-icon-list--layout-traditional elementor-list-item-link-full_width elementor-widget elementor-widget-icon-list\" data-id=\"d10c97c\" data-element_type=\"widget\" data-widget_type=\"icon-list.default\">\n<div class=\"elementor-widget-container\"><strong><span class=\"elementor-icon-list-text\">TEL\u00c9FONO:<\/span><\/strong> +54 9 11 6944-5993\u00a0 |\u00a0\u00a0+54 9 11 4143-1286<\/div>\n<div class=\"elementor-widget-container\"><strong><span class=\"elementor-icon-list-text\">CORREO ELECTR\u00d3NICO: <\/span><\/strong><a href=\"mailto:contacto@prenova.com.ar\">contacto@prenova.com.ar<\/a><\/div>\n<\/div>\n<div><\/div>\n&nbsp;\n<div><b style=\"color: var( --e-global-color-text ); text-align: var(--text-align);\">Tenemos representaci\u00f3n en diversos pa\u00edses.<\/b><\/div>\t\t\t\t\t\t\t\t<\/div>\n\t\t\t\t<\/div>\n\t\t\t\t\t<\/div>\n\t\t\t\t<\/div>\n\t\t\t\t\t<\/div>\n\t\t\t\t<\/div>\n\t\t<div class=\"elementor-element elementor-element-86b835c e-flex e-con-boxed e-con e-child\" data-id=\"86b835c\" data-element_type=\"container\" data-e-type=\"container\" data-settings=\"{&quot;background_background&quot;:&quot;classic&quot;}\">\n\t\t\t\t\t<div class=\"e-con-inner\">\n\t\t<div class=\"elementor-element elementor-element-cddb50e e-flex e-con-boxed e-con e-child\" data-id=\"cddb50e\" data-element_type=\"container\" data-e-type=\"container\" data-settings=\"{&quot;background_background&quot;:&quot;classic&quot;}\">\n\t\t\t\t\t<div class=\"e-con-inner\">\n\t\t\t\t<div class=\"elementor-element elementor-element-8c83cf4 elementor-widget elementor-widget-google_maps\" data-id=\"8c83cf4\" data-element_type=\"widget\" data-e-type=\"widget\" data-widget_type=\"google_maps.default\">\n\t\t\t\t<div class=\"elementor-widget-container\">\n\t\t\t\t\t\t\t<div class=\"elementor-custom-embed\">\n\t\t\t<iframe loading=\"lazy\"\n\t\t\t\t\tsrc=\"https:\/\/maps.google.com\/maps?q=prenova&#038;t=m&#038;z=14&#038;output=embed&#038;iwloc=near\"\n\t\t\t\t\ttitle=\"prenova\"\n\t\t\t\t\taria-label=\"prenova\"\n\t\t\t><\/iframe>\n\t\t<\/div>\n\t\t\t\t\t\t<\/div>\n\t\t\t\t<\/div>\n\t\t\t\t\t<\/div>\n\t\t\t\t<\/div>\n\t\t\t\t\t<\/div>\n\t\t\t\t<\/div>\n\t\t\t\t<\/div>\n\t\t\t\t<\/div>\n\t\t\t\t<\/div>\n\t\t","protected":false},"excerpt":{"rendered":"<p>Comun\u00edcate con Prenova Please enable JavaScript in your browser to complete this form.Nombre y Apellido *FirstLastEmail *Tel\u00e9fonoEmpresaPa\u00edsMensaje Enviar Nuestras oficinas centrales est\u00e1n localizadas en Buenos Aires, Argentina. Nos encontrar\u00e1s aqu\u00ed: H\u00fasares 2477 (CP:1428) Bs. As., Argentina. &nbsp; TEL\u00c9FONO: +54 9 11 6944-5993\u00a0 |\u00a0\u00a0+54 9 11 4143-1286 CORREO ELECTR\u00d3NICO: contacto@prenova.com.ar &nbsp; Tenemos representaci\u00f3n en diversos pa\u00edses.<\/p>\n","protected":false},"author":2,"featured_media":9751,"parent":0,"menu_order":0,"comment_status":"closed","ping_status":"closed","template":"","meta":{"_monsterinsights_skip_tracking":false,"_monsterinsights_sitenote_active":false,"_monsterinsights_sitenote_note":"","_monsterinsights_sitenote_category":0,"inspiro_hide_title":false,"footnotes":""},"class_list":["post-4964","page","type-page","status-publish","has-post-thumbnail","hentry"],"aioseo_notices":[],"_links":{"self":[{"href":"https:\/\/www.prenovaglobal.com\/index.php?rest_route=\/wp\/v2\/pages\/4964","targetHints":{"allow":["GET"]}}],"collection":[{"href":"https:\/\/www.prenovaglobal.com\/index.php?rest_route=\/wp\/v2\/pages"}],"about":[{"href":"https:\/\/www.prenovaglobal.com\/index.php?rest_route=\/wp\/v2\/types\/page"}],"author":[{"embeddable":true,"href":"https:\/\/www.prenovaglobal.com\/index.php?rest_route=\/wp\/v2\/users\/2"}],"replies":[{"embeddable":true,"href":"https:\/\/www.prenovaglobal.com\/index.php?rest_route=%2Fwp%2Fv2%2Fcomments&post=4964"}],"version-history":[{"count":126,"href":"https:\/\/www.prenovaglobal.com\/index.php?rest_route=\/wp\/v2\/pages\/4964\/revisions"}],"predecessor-version":[{"id":10096,"href":"https:\/\/www.prenovaglobal.com\/index.php?rest_route=\/wp\/v2\/pages\/4964\/revisions\/10096"}],"wp:featuredmedia":[{"embeddable":true,"href":"https:\/\/www.prenovaglobal.com\/index.php?rest_route=\/wp\/v2\/media\/9751"}],"wp:attachment":[{"href":"https:\/\/www.prenovaglobal.com\/index.php?rest_route=%2Fwp%2Fv2%2Fmedia&parent=4964"}],"curies":[{"name":"wp","href":"https:\/\/api.w.org\/{rel}","templated":true}]}}