{"id":355,"date":"2015-12-11T22:09:37","date_gmt":"2015-12-11T22:09:37","guid":{"rendered":"http:\/\/www.prenovaglobal.com\/\/?page_id=355"},"modified":"2024-04-25T20:10:00","modified_gmt":"2024-04-25T20:10:00","slug":"divisorias-estruturais-com-discos","status":"publish","type":"page","link":"https:\/\/www.prenovaglobal.com\/?page_id=355&lang=pt","title":{"rendered":"Divis\u00f3rias estruturais com discos"},"content":{"rendered":"\t\t<div data-elementor-type=\"wp-page\" data-elementor-id=\"355\" class=\"elementor elementor-355\">\n\t\t\t\t<div class=\"elementor-element elementor-element-232e93f0 e-flex e-con-boxed e-con e-parent\" data-id=\"232e93f0\" data-element_type=\"container\" data-e-type=\"container\" data-settings=\"{&quot;background_background&quot;:&quot;slideshow&quot;,&quot;background_slideshow_gallery&quot;:[],&quot;background_slideshow_loop&quot;:&quot;yes&quot;,&quot;background_slideshow_slide_duration&quot;:5000,&quot;background_slideshow_slide_transition&quot;:&quot;fade&quot;,&quot;background_slideshow_transition_duration&quot;:500}\">\n\t\t\t\t\t<div class=\"e-con-inner\">\n\t\t\t\t<div class=\"elementor-element elementor-element-5ef1089 elementor-widget__width-inherit elementor-absolute elementor-invisible elementor-widget elementor-widget-heading\" data-id=\"5ef1089\" data-element_type=\"widget\" data-e-type=\"widget\" data-settings=\"{&quot;_position&quot;:&quot;absolute&quot;,&quot;_animation&quot;:&quot;fadeInUp&quot;}\" data-widget_type=\"heading.default\">\n\t\t\t\t<div class=\"elementor-widget-container\">\n\t\t\t\t\t<h2 class=\"elementor-heading-title elementor-size-default\">Divis\u00f3rias estruturais com discos\u00ae\n<h4 style=\"color:white;padding-top:0\">Parti\u00e7\u00f5es aliviadas com discos Prenova que podem ser usados como parti\u00e7\u00f5es ou parti\u00e7\u00f5es submurais.<\/h4><\/h2>\t\t\t\t<\/div>\n\t\t\t\t<\/div>\n\t\t\t\t\t<\/div>\n\t\t\t\t<\/div>\n\t\t<div class=\"elementor-element elementor-element-504c1ac1 e-con-full e-flex e-con e-parent\" data-id=\"504c1ac1\" data-element_type=\"container\" data-e-type=\"container\" data-settings=\"{&quot;background_background&quot;:&quot;classic&quot;}\">\n\t\t<div class=\"elementor-element elementor-element-4841b42c e-con-full e-flex e-con e-child\" data-id=\"4841b42c\" data-element_type=\"container\" data-e-type=\"container\">\n\t\t<div class=\"elementor-element elementor-element-1f6729f3 e-flex e-con-boxed e-con e-child\" data-id=\"1f6729f3\" data-element_type=\"container\" data-e-type=\"container\" data-settings=\"{&quot;background_background&quot;:&quot;classic&quot;}\">\n\t\t\t\t\t<div class=\"e-con-inner\">\n\t\t\t\t<div class=\"elementor-element elementor-element-5486e2d6 elementor-widget__width-initial elementor-widget-mobile__width-initial elementor-widget elementor-widget-text-editor\" data-id=\"5486e2d6\" data-element_type=\"widget\" data-e-type=\"widget\" data-widget_type=\"text-editor.default\">\n\t\t\t\t<div class=\"elementor-widget-container\">\n\t\t\t\t\t\t\t\t\t<p><strong>Parti\u00e7\u00f5es aliviadas com discos Prenova que podem ser usados como parti\u00e7\u00f5es ou parti\u00e7\u00f5es submurais.<\/strong><\/p><p>As divis\u00f3rias s\u00e3o iluminadas com discos, obtendo uma economia de 30% de concreto ocupado pelo ar encapsulado pelos discos.<\/p>\t\t\t\t\t\t\t\t<\/div>\n\t\t\t\t<\/div>\n\t\t\t\t<div class=\"elementor-element elementor-element-62412431 elementor-position-left elementor-vertical-align-top elementor-widget elementor-widget-image-box\" data-id=\"62412431\" data-element_type=\"widget\" data-e-type=\"widget\" data-widget_type=\"image-box.default\">\n\t\t\t\t<div class=\"elementor-widget-container\">\n\t\t\t\t\t<div class=\"elementor-image-box-wrapper\"><figure class=\"elementor-image-box-img\"><img decoding=\"async\" src=\"http:\/\/www.prenovaglobal.com\/\/wp-content\/uploads\/2015\/12\/imagen-disco.jpg\" title=\"\" alt=\"\" loading=\"lazy\" \/><\/figure><div class=\"elementor-image-box-content\"><h3 class=\"elementor-image-box-title\">Espessuras de 15 cm a 28 cm<\/h3><\/div><\/div>\t\t\t\t<\/div>\n\t\t\t\t<\/div>\n\t\t\t\t\t<\/div>\n\t\t\t\t<\/div>\n\t\t\t\t<\/div>\n\t\t<div class=\"elementor-element elementor-element-4bcbb687 e-con-full e-flex e-con e-child\" data-id=\"4bcbb687\" data-element_type=\"container\" data-e-type=\"container\">\n\t\t<div class=\"elementor-element elementor-element-813acda e-flex e-con-boxed e-con e-child\" data-id=\"813acda\" data-element_type=\"container\" data-e-type=\"container\">\n\t\t\t\t\t<div class=\"e-con-inner\">\n\t\t<div class=\"elementor-element elementor-element-32b07e1e e-flex e-con-boxed e-con e-child\" data-id=\"32b07e1e\" data-element_type=\"container\" data-e-type=\"container\" data-settings=\"{&quot;background_background&quot;:&quot;classic&quot;}\">\n\t\t\t\t\t<div class=\"e-con-inner\">\n\t\t\t\t<div class=\"elementor-element elementor-element-1b6a707d elementor-widget elementor-widget-wpzoom-elementor-addons-slider\" data-id=\"1b6a707d\" data-element_type=\"widget\" data-e-type=\"widget\" data-settings=\"{&quot;animation_speed&quot;:300,&quot;autoplay&quot;:&quot;yes&quot;,&quot;autoplay_speed&quot;:3000,&quot;loop&quot;:&quot;yes&quot;,&quot;slides_to_show&quot;:1,&quot;slides_to_show_tablet&quot;:1,&quot;slides_to_show_mobile&quot;:1,&quot;navigation&quot;:&quot;arrow&quot;}\" data-widget_type=\"wpzoom-elementor-addons-slider.default\">\n\t\t\t\t<div class=\"elementor-widget-container\">\n\t\t\t\t\t<div class=\"wpzjs-slick wpz-slick wpz-slick--slider\">\n\n\t\t\t\n\t\t\t\t<div class=\"wpz-slick-slide\">\n\n\t\t\t\t\t<div class=\"wpz-slick-item\">\n\n\t\t\t\t\t\t\t\t\t\t\t\t\t<img decoding=\"async\" class=\"wpz-slick-img\" src=\"http:\/\/www.prenovaglobal.com\/wp-content\/uploads\/2024\/02\/2-copia-scaled-e1707100896391.webp\" alt=\"Edif\u00edcio OSECAC\">\n\t\t\t\t\t\t\n\t\t\t\t\t\t\n\t\t\t\t\t\t\t\t\t\t\t\t\t<div class=\"wpz-slick-content\">\n\t\t\t\t\t\t\t\t\t\t\t\t\t\t\t\t\t<h2 class=\"wpz-slick-title\">Edif\u00edcio OSECAC<\/h2>\n\t\t\t\t\t\t\t\t\t\t\t\t\t\t\t\t\t\t\t\t\t\t\t\t\t<p class=\"wpz-slick-subtitle\">Buenos Aires, Argentina<\/p>\n\t\t\t\t\t\t\t\t\t\t\t\t\t\t\t<\/div>\n\t\t\t\t\t\t\n\t\t\t\t\t<\/div>\n\n\t\t\t\t<\/div>\n\n\t\t\t\n\t\t\t\t<div class=\"wpz-slick-slide\">\n\n\t\t\t\t\t<div class=\"wpz-slick-item\">\n\n\t\t\t\t\t\t\t\t\t\t\t\t\t<img decoding=\"async\" class=\"wpz-slick-img\" src=\"https:\/\/www.prenovaglobal.com\/wp-content\/uploads\/2024\/02\/04-Copiar.webp\" alt=\"Casa Milberg\">\n\t\t\t\t\t\t\n\t\t\t\t\t\t\n\t\t\t\t\t\t\t\t\t\t\t\t\t<div class=\"wpz-slick-content\">\n\t\t\t\t\t\t\t\t\t\t\t\t\t\t\t\t\t<h2 class=\"wpz-slick-title\">Casa Milberg<\/h2>\n\t\t\t\t\t\t\t\t\t\t\t\t\t\t\t\t\t\t\t\t\t\t\t\t\t<p class=\"wpz-slick-subtitle\">Buenos Aires, Argentina<\/p>\n\t\t\t\t\t\t\t\t\t\t\t\t\t\t\t<\/div>\n\t\t\t\t\t\t\n\t\t\t\t\t<\/div>\n\n\t\t\t\t<\/div>\n\n\t\t\t\n\t\t\t\t<div class=\"wpz-slick-slide\">\n\n\t\t\t\t\t<div class=\"wpz-slick-item\">\n\n\t\t\t\t\t\t\t\t\t\t\t\t\t<img decoding=\"async\" class=\"wpz-slick-img\" src=\"https:\/\/www.prenovaglobal.com\/wp-content\/uploads\/2024\/02\/6-scaled.webp\" alt=\"Casa Milberg\">\n\t\t\t\t\t\t\n\t\t\t\t\t\t\n\t\t\t\t\t\t\t\t\t\t\t\t\t<div class=\"wpz-slick-content\">\n\t\t\t\t\t\t\t\t\t\t\t\t\t\t\t\t\t<h2 class=\"wpz-slick-title\">Casa Milberg<\/h2>\n\t\t\t\t\t\t\t\t\t\t\t\t\t\t\t\t\t\t\t\t\t\t\t\t\t<p class=\"wpz-slick-subtitle\">Buenos Aires, Argentina<\/p>\n\t\t\t\t\t\t\t\t\t\t\t\t\t\t\t<\/div>\n\t\t\t\t\t\t\n\t\t\t\t\t<\/div>\n\n\t\t\t\t<\/div>\n\n\t\t\t\n\t\t\t\t<div class=\"wpz-slick-slide\">\n\n\t\t\t\t\t<div class=\"wpz-slick-item\">\n\n\t\t\t\t\t\t\t\t\t\t\t\t\t<img decoding=\"async\" class=\"wpz-slick-img\" src=\"https:\/\/www.prenovaglobal.com\/wp-content\/uploads\/2024\/02\/5-copia.webp\" alt=\"Casa Milberg\">\n\t\t\t\t\t\t\n\t\t\t\t\t\t\n\t\t\t\t\t\t\t\t\t\t\t\t\t<div class=\"wpz-slick-content\">\n\t\t\t\t\t\t\t\t\t\t\t\t\t\t\t\t\t<h2 class=\"wpz-slick-title\">Casa Milberg<\/h2>\n\t\t\t\t\t\t\t\t\t\t\t\t\t\t\t\t\t\t\t\t\t\t\t\t\t<p class=\"wpz-slick-subtitle\">Buenos Aires, Argentina<\/p>\n\t\t\t\t\t\t\t\t\t\t\t\t\t\t\t<\/div>\n\t\t\t\t\t\t\n\t\t\t\t\t<\/div>\n\n\t\t\t\t<\/div>\n\n\t\t\t\n\t\t\t\t<div class=\"wpz-slick-slide\">\n\n\t\t\t\t\t<div class=\"wpz-slick-item\">\n\n\t\t\t\t\t\t\t\t\t\t\t\t\t<img decoding=\"async\" class=\"wpz-slick-img\" src=\"https:\/\/www.prenovaglobal.com\/wp-content\/uploads\/2024\/02\/4-copia-1-scaled.webp\" alt=\"Casa Milberg\">\n\t\t\t\t\t\t\n\t\t\t\t\t\t\n\t\t\t\t\t\t\t\t\t\t\t\t\t<div class=\"wpz-slick-content\">\n\t\t\t\t\t\t\t\t\t\t\t\t\t\t\t\t\t<h2 class=\"wpz-slick-title\">Casa Milberg<\/h2>\n\t\t\t\t\t\t\t\t\t\t\t\t\t\t\t\t\t\t\t\t\t\t\t\t\t<p class=\"wpz-slick-subtitle\">Buenos Aires, Argentina<\/p>\n\t\t\t\t\t\t\t\t\t\t\t\t\t\t\t<\/div>\n\t\t\t\t\t\t\n\t\t\t\t\t<\/div>\n\n\t\t\t\t<\/div>\n\n\t\t\t\n\t\t<\/div>\n\n\t\t\t\t\t<button type=\"button\" class=\"slick-prev\"><svg aria-hidden=\"true\" class=\"e-font-icon-svg e-fas-chevron-left\" viewBox=\"0 0 320 512\" xmlns=\"http:\/\/www.w3.org\/2000\/svg\"><path d=\"M34.52 239.03L228.87 44.69c9.37-9.37 24.57-9.37 33.94 0l22.67 22.67c9.36 9.36 9.37 24.52.04 33.9L131.49 256l154.02 154.75c9.34 9.38 9.32 24.54-.04 33.9l-22.67 22.67c-9.37 9.37-24.57 9.37-33.94 0L34.52 272.97c-9.37-9.37-9.37-24.57 0-33.94z\"><\/path><\/svg><\/button>\n\t\t\n\t\t\t\t\t<button type=\"button\" class=\"slick-next\"><svg aria-hidden=\"true\" class=\"e-font-icon-svg e-fas-chevron-right\" viewBox=\"0 0 320 512\" xmlns=\"http:\/\/www.w3.org\/2000\/svg\"><path d=\"M285.476 272.971L91.132 467.314c-9.373 9.373-24.569 9.373-33.941 0l-22.667-22.667c-9.357-9.357-9.375-24.522-.04-33.901L188.505 256 34.484 101.255c-9.335-9.379-9.317-24.544.04-33.901l22.667-22.667c9.373-9.373 24.569-9.373 33.941 0L285.475 239.03c9.373 9.372 9.373 24.568.001 33.941z\"><\/path><\/svg><\/button>\n\t\t\n\t\t\t\t\t\t<\/div>\n\t\t\t\t<\/div>\n\t\t\t\t\t<\/div>\n\t\t\t\t<\/div>\n\t\t\t\t\t<\/div>\n\t\t\t\t<\/div>\n\t\t\t\t<\/div>\n\t\t\t\t<\/div>\n\t\t<div class=\"elementor-element elementor-element-49bcb673 e-flex e-con-boxed e-con e-parent\" data-id=\"49bcb673\" data-element_type=\"container\" data-e-type=\"container\">\n\t\t\t\t\t<div class=\"e-con-inner\">\n\t\t\t\t<div class=\"elementor-element elementor-element-387584cf elementor-widget__width-inherit elementor-widget elementor-widget-heading\" data-id=\"387584cf\" data-element_type=\"widget\" data-e-type=\"widget\" data-widget_type=\"heading.default\">\n\t\t\t\t<div class=\"elementor-widget-container\">\n\t\t\t\t\t<h2 class=\"elementor-heading-title elementor-size-default\">Componentes<\/h2>\t\t\t\t<\/div>\n\t\t\t\t<\/div>\n\t\t\t\t\t<\/div>\n\t\t\t\t<\/div>\n\t\t<div class=\"elementor-element elementor-element-42b6dbe6 e-flex e-con-boxed e-con e-parent\" data-id=\"42b6dbe6\" data-element_type=\"container\" data-e-type=\"container\">\n\t\t\t\t\t<div class=\"e-con-inner\">\n\t\t<div class=\"elementor-element elementor-element-7526ab0e e-con-full e-flex e-con e-child\" data-id=\"7526ab0e\" data-element_type=\"container\" data-e-type=\"container\">\n\t\t\t\t<div class=\"elementor-element elementor-element-5a631e98 elementor-position-top elementor-widget elementor-widget-image-box\" data-id=\"5a631e98\" data-element_type=\"widget\" data-e-type=\"widget\" data-widget_type=\"image-box.default\">\n\t\t\t\t<div class=\"elementor-widget-container\">\n\t\t\t\t\t<div class=\"elementor-image-box-wrapper\"><figure class=\"elementor-image-box-img\"><img decoding=\"async\" src=\"http:\/\/www.prenovaglobal.com\/\/wp-content\/uploads\/2015\/12\/foto-aplicaciones-e1465817785530.jpg\" title=\"\" alt=\"\" loading=\"lazy\" \/><\/figure><div class=\"elementor-image-box-content\"><h3 class=\"elementor-image-box-title\">Paredes divis\u00f3rias<\/h3><\/div><\/div>\t\t\t\t<\/div>\n\t\t\t\t<\/div>\n\t\t\t\t<\/div>\n\t\t<div class=\"elementor-element elementor-element-1ca36e25 e-con-full e-flex e-con e-child\" data-id=\"1ca36e25\" data-element_type=\"container\" data-e-type=\"container\">\n\t\t\t\t<div class=\"elementor-element elementor-element-29cc4606 elementor-position-top elementor-widget elementor-widget-image-box\" data-id=\"29cc4606\" data-element_type=\"widget\" data-e-type=\"widget\" data-widget_type=\"image-box.default\">\n\t\t\t\t<div class=\"elementor-widget-container\">\n\t\t\t\t\t<div class=\"elementor-image-box-wrapper\"><figure class=\"elementor-image-box-img\"><img decoding=\"async\" src=\"http:\/\/www.prenovaglobal.com\/\/wp-content\/uploads\/2015\/12\/Tabiques-submurales-e1463487635903.jpg\" title=\"\" alt=\"\" loading=\"lazy\" \/><\/figure><div class=\"elementor-image-box-content\"><h3 class=\"elementor-image-box-title\">Parti\u00e7\u00f5es de submura\u00e7\u00e3o<\/h3><\/div><\/div>\t\t\t\t<\/div>\n\t\t\t\t<\/div>\n\t\t\t\t<\/div>\n\t\t\t\t\t<\/div>\n\t\t\t\t<\/div>\n\t\t<div class=\"elementor-element elementor-element-33053d11 e-flex e-con-boxed e-con e-parent\" data-id=\"33053d11\" data-element_type=\"container\" data-e-type=\"container\">\n\t\t\t\t\t<div class=\"e-con-inner\">\n\t\t\t\t<div class=\"elementor-element elementor-element-2602710 elementor-widget-divider--view-line elementor-widget elementor-widget-divider\" data-id=\"2602710\" data-element_type=\"widget\" data-e-type=\"widget\" data-widget_type=\"divider.default\">\n\t\t\t\t<div class=\"elementor-widget-container\">\n\t\t\t\t\t\t\t<div class=\"elementor-divider\">\n\t\t\t<span class=\"elementor-divider-separator\">\n\t\t\t\t\t\t<\/span>\n\t\t<\/div>\n\t\t\t\t\t\t<\/div>\n\t\t\t\t<\/div>\n\t\t\t\t\t<\/div>\n\t\t\t\t<\/div>\n\t\t<div class=\"elementor-element elementor-element-7afd542b e-flex e-con-boxed e-con e-parent\" data-id=\"7afd542b\" data-element_type=\"container\" data-e-type=\"container\">\n\t\t\t\t\t<div class=\"e-con-inner\">\n\t\t<div class=\"elementor-element elementor-element-6f3a822 e-con-full e-flex e-con e-child\" data-id=\"6f3a822\" data-element_type=\"container\" data-e-type=\"container\">\n\t\t\t\t<div class=\"elementor-element elementor-element-6f4f404d elementor-widget elementor-widget-heading\" data-id=\"6f4f404d\" data-element_type=\"widget\" data-e-type=\"widget\" data-widget_type=\"heading.default\">\n\t\t\t\t<div class=\"elementor-widget-container\">\n\t\t\t\t\t<h2 class=\"elementor-heading-title elementor-size-default\">Vantagens<\/h2>\t\t\t\t<\/div>\n\t\t\t\t<\/div>\n\t\t\t\t<\/div>\n\t\t<div class=\"elementor-element elementor-element-3f2afe7c e-con-full e-flex e-con e-child\" data-id=\"3f2afe7c\" data-element_type=\"container\" data-e-type=\"container\">\n\t\t\t\t<div class=\"elementor-element elementor-element-4f0d36d elementor-icon-list--layout-traditional elementor-list-item-link-full_width elementor-invisible elementor-widget elementor-widget-icon-list\" data-id=\"4f0d36d\" data-element_type=\"widget\" data-e-type=\"widget\" data-settings=\"{&quot;_animation&quot;:&quot;fadeInRight&quot;}\" data-widget_type=\"icon-list.default\">\n\t\t\t\t<div class=\"elementor-widget-container\">\n\t\t\t\t\t\t\t<ul class=\"elementor-icon-list-items\">\n\t\t\t\t\t\t\t<li class=\"elementor-icon-list-item\">\n\t\t\t\t\t\t\t\t\t\t\t<span class=\"elementor-icon-list-icon\">\n\t\t\t\t\t\t\t<svg aria-hidden=\"true\" class=\"e-font-icon-svg e-fas-star-of-life\" viewBox=\"0 0 480 512\" xmlns=\"http:\/\/www.w3.org\/2000\/svg\"><path d=\"M471.99 334.43L336.06 256l135.93-78.43c7.66-4.42 10.28-14.2 5.86-21.86l-32.02-55.43c-4.42-7.65-14.21-10.28-21.87-5.86l-135.93 78.43V16c0-8.84-7.17-16-16.01-16h-64.04c-8.84 0-16.01 7.16-16.01 16v156.86L56.04 94.43c-7.66-4.42-17.45-1.79-21.87 5.86L2.15 155.71c-4.42 7.65-1.8 17.44 5.86 21.86L143.94 256 8.01 334.43c-7.66 4.42-10.28 14.21-5.86 21.86l32.02 55.43c4.42 7.65 14.21 10.27 21.87 5.86l135.93-78.43V496c0 8.84 7.17 16 16.01 16h64.04c8.84 0 16.01-7.16 16.01-16V339.14l135.93 78.43c7.66 4.42 17.45 1.8 21.87-5.86l32.02-55.43c4.42-7.65 1.8-17.43-5.86-21.85z\"><\/path><\/svg>\t\t\t\t\t\t<\/span>\n\t\t\t\t\t\t\t\t\t\t<span class=\"elementor-icon-list-text\">O resultado: edif\u00edcios mais leves e fortes.<\/span>\n\t\t\t\t\t\t\t\t\t<\/li>\n\t\t\t\t\t\t\t\t<li class=\"elementor-icon-list-item\">\n\t\t\t\t\t\t\t\t\t\t\t<span class=\"elementor-icon-list-icon\">\n\t\t\t\t\t\t\t<svg aria-hidden=\"true\" class=\"e-font-icon-svg e-fas-star-of-life\" viewBox=\"0 0 480 512\" xmlns=\"http:\/\/www.w3.org\/2000\/svg\"><path d=\"M471.99 334.43L336.06 256l135.93-78.43c7.66-4.42 10.28-14.2 5.86-21.86l-32.02-55.43c-4.42-7.65-14.21-10.28-21.87-5.86l-135.93 78.43V16c0-8.84-7.17-16-16.01-16h-64.04c-8.84 0-16.01 7.16-16.01 16v156.86L56.04 94.43c-7.66-4.42-17.45-1.79-21.87 5.86L2.15 155.71c-4.42 7.65-1.8 17.44 5.86 21.86L143.94 256 8.01 334.43c-7.66 4.42-10.28 14.21-5.86 21.86l32.02 55.43c4.42 7.65 14.21 10.27 21.87 5.86l135.93-78.43V496c0 8.84 7.17 16 16.01 16h64.04c8.84 0 16.01-7.16 16.01-16V339.14l135.93 78.43c7.66 4.42 17.45 1.8 21.87-5.86l32.02-55.43c4.42-7.65 1.8-17.43-5.86-21.85z\"><\/path><\/svg>\t\t\t\t\t\t<\/span>\n\t\t\t\t\t\t\t\t\t\t<span class=\"elementor-icon-list-text\">Discos feitos de material reciclado.<\/span>\n\t\t\t\t\t\t\t\t\t<\/li>\n\t\t\t\t\t\t<\/ul>\n\t\t\t\t\t\t<\/div>\n\t\t\t\t<\/div>\n\t\t\t\t<\/div>\n\t\t\t\t\t<\/div>\n\t\t\t\t<\/div>\n\t\t<div class=\"elementor-element elementor-element-591b92b6 e-con-full e-flex e-con e-parent\" data-id=\"591b92b6\" data-element_type=\"container\" data-e-type=\"container\" data-settings=\"{&quot;background_background&quot;:&quot;slideshow&quot;,&quot;background_slideshow_gallery&quot;:[{&quot;id&quot;:9785,&quot;url&quot;:&quot;https:\\\/\\\/www.prenovaglobal.com\\\/wp-content\\\/uploads\\\/2024\\\/02\\\/PRENOVA-esferas-fondo-1.webp&quot;}],&quot;background_slideshow_loop&quot;:&quot;yes&quot;,&quot;background_slideshow_slide_duration&quot;:5000,&quot;background_slideshow_slide_transition&quot;:&quot;fade&quot;,&quot;background_slideshow_transition_duration&quot;:500}\">\n\t\t<div class=\"elementor-element elementor-element-14db0534 e-con-full elementor-hidden-mobile e-flex e-con e-child\" data-id=\"14db0534\" data-element_type=\"container\" data-e-type=\"container\">\n\t\t\t\t<div class=\"elementor-element elementor-element-77ba43ee elementor-view-framed elementor-hidden-mobile elementor-shape-circle elementor-invisible elementor-widget elementor-widget-icon\" data-id=\"77ba43ee\" data-element_type=\"widget\" data-e-type=\"widget\" data-settings=\"{&quot;_animation&quot;:&quot;zoomIn&quot;}\" data-widget_type=\"icon.default\">\n\t\t\t\t<div class=\"elementor-widget-container\">\n\t\t\t\t\t\t\t<div class=\"elementor-icon-wrapper\">\n\t\t\t<div class=\"elementor-icon\">\n\t\t\t<svg aria-hidden=\"true\" class=\"e-font-icon-svg e-fas-check\" viewBox=\"0 0 512 512\" xmlns=\"http:\/\/www.w3.org\/2000\/svg\"><path d=\"M173.898 439.404l-166.4-166.4c-9.997-9.997-9.997-26.206 0-36.204l36.203-36.204c9.997-9.998 26.207-9.998 36.204 0L192 312.69 432.095 72.596c9.997-9.997 26.207-9.997 36.204 0l36.203 36.204c9.997 9.997 9.997 26.206 0 36.204l-294.4 294.401c-9.998 9.997-26.207 9.997-36.204-.001z\"><\/path><\/svg>\t\t\t<\/div>\n\t\t<\/div>\n\t\t\t\t\t\t<\/div>\n\t\t\t\t<\/div>\n\t\t\t\t<\/div>\n\t\t<div class=\"elementor-element elementor-element-55fd4af3 e-con-full e-flex e-con e-child\" data-id=\"55fd4af3\" data-element_type=\"container\" data-e-type=\"container\">\n\t\t<div class=\"elementor-element elementor-element-5a583f38 e-flex e-con-boxed e-con e-child\" data-id=\"5a583f38\" data-element_type=\"container\" data-e-type=\"container\">\n\t\t\t\t\t<div class=\"e-con-inner\">\n\t\t<div class=\"elementor-element elementor-element-13ffe8ab e-con-full e-flex e-con e-child\" data-id=\"13ffe8ab\" data-element_type=\"container\" data-e-type=\"container\">\n\t\t\t\t<div class=\"elementor-element elementor-element-47780dcb elementor-widget elementor-widget-heading\" data-id=\"47780dcb\" data-element_type=\"widget\" data-e-type=\"widget\" data-widget_type=\"heading.default\">\n\t\t\t\t<div class=\"elementor-widget-container\">\n\t\t\t\t\t<h2 class=\"elementor-heading-title elementor-size-default\">Projetando o futuro do desenvolvimento.<\/h2>\t\t\t\t<\/div>\n\t\t\t\t<\/div>\n\t\t\t\t<\/div>\n\t\t\t\t\t<\/div>\n\t\t\t\t<\/div>\n\t\t<div class=\"elementor-element elementor-element-73f1706d e-con-full e-flex e-con e-child\" data-id=\"73f1706d\" data-element_type=\"container\" data-e-type=\"container\">\n\t\t\t\t<div class=\"elementor-element elementor-element-408cfe55 elementor-mobile-align-center elementor-align-right elementor-widget elementor-widget-button\" data-id=\"408cfe55\" data-element_type=\"widget\" data-e-type=\"widget\" data-widget_type=\"button.default\">\n\t\t\t\t<div class=\"elementor-widget-container\">\n\t\t\t\t\t\t\t\t\t<div class=\"elementor-button-wrapper\">\n\t\t\t\t\t<a class=\"elementor-button elementor-button-link elementor-size-sm elementor-animation-grow\" href=\"http:\/\/www.prenovaglobal.com\/wp-content\/uploads\/2024\/02\/prenova-tabiques-discos.pdf\">\n\t\t\t\t\t\t<span class=\"elementor-button-content-wrapper\">\n\t\t\t\t\t\t<span class=\"elementor-button-icon\">\n\t\t\t\t<svg aria-hidden=\"true\" class=\"e-font-icon-svg e-fas-download\" viewBox=\"0 0 512 512\" xmlns=\"http:\/\/www.w3.org\/2000\/svg\"><path d=\"M216 0h80c13.3 0 24 10.7 24 24v168h87.7c17.8 0 26.7 21.5 14.1 34.1L269.7 378.3c-7.5 7.5-19.8 7.5-27.3 0L90.1 226.1c-12.6-12.6-3.7-34.1 14.1-34.1H192V24c0-13.3 10.7-24 24-24zm296 376v112c0 13.3-10.7 24-24 24H24c-13.3 0-24-10.7-24-24V376c0-13.3 10.7-24 24-24h146.7l49 49c20.1 20.1 52.5 20.1 72.6 0l49-49H488c13.3 0 24 10.7 24 24zm-124 88c0-11-9-20-20-20s-20 9-20 20 9 20 20 20 20-9 20-20zm64 0c0-11-9-20-20-20s-20 9-20 20 9 20 20 20 20-9 20-20z\"><\/path><\/svg>\t\t\t<\/span>\n\t\t\t\t\t\t\t\t\t<span class=\"elementor-button-text\">Baixar DIVIS\u00d3RIAS ESTRUTURAIS COM DISCOS<\/span>\n\t\t\t\t\t<\/span>\n\t\t\t\t\t<\/a>\n\t\t\t\t<\/div>\n\t\t\t\t\t\t\t\t<\/div>\n\t\t\t\t<\/div>\n\t\t\t\t<\/div>\n\t\t\t\t<\/div>\n\t\t\t\t<\/div>\n\t\t\t\t<\/div>\n\t\t","protected":false},"excerpt":{"rendered":"<p>Divis\u00f3rias estruturais com discos\u00ae Parti\u00e7\u00f5es aliviadas com discos Prenova que podem ser usados como parti\u00e7\u00f5es ou parti\u00e7\u00f5es submurais. Parti\u00e7\u00f5es aliviadas com discos Prenova que podem ser usados como parti\u00e7\u00f5es ou parti\u00e7\u00f5es submurais. As divis\u00f3rias s\u00e3o iluminadas com discos, obtendo uma economia de 30% de concreto ocupado pelo ar encapsulado pelos discos. Espessuras de 15 cm &hellip; <\/p>\n<p class=\"link-more\"><a href=\"https:\/\/www.prenovaglobal.com\/?page_id=355&#038;lang=pt\" class=\"more-link\">Read more<span class=\"screen-reader-text\"> &#8220;Divis\u00f3rias estruturais com discos&#8221;<\/span><\/a><\/p>\n","protected":false},"author":1,"featured_media":9230,"parent":0,"menu_order":0,"comment_status":"closed","ping_status":"closed","template":"","meta":{"_monsterinsights_skip_tracking":false,"_monsterinsights_sitenote_active":false,"_monsterinsights_sitenote_note":"","_monsterinsights_sitenote_category":0,"inspiro_hide_title":false,"footnotes":""},"class_list":["post-355","page","type-page","status-publish","has-post-thumbnail","hentry"],"aioseo_notices":[],"_links":{"self":[{"href":"https:\/\/www.prenovaglobal.com\/index.php?rest_route=\/wp\/v2\/pages\/355","targetHints":{"allow":["GET"]}}],"collection":[{"href":"https:\/\/www.prenovaglobal.com\/index.php?rest_route=\/wp\/v2\/pages"}],"about":[{"href":"https:\/\/www.prenovaglobal.com\/index.php?rest_route=\/wp\/v2\/types\/page"}],"author":[{"embeddable":true,"href":"https:\/\/www.prenovaglobal.com\/index.php?rest_route=\/wp\/v2\/users\/1"}],"replies":[{"embeddable":true,"href":"https:\/\/www.prenovaglobal.com\/index.php?rest_route=%2Fwp%2Fv2%2Fcomments&post=355"}],"version-history":[{"count":21,"href":"https:\/\/www.prenovaglobal.com\/index.php?rest_route=\/wp\/v2\/pages\/355\/revisions"}],"predecessor-version":[{"id":9987,"href":"https:\/\/www.prenovaglobal.com\/index.php?rest_route=\/wp\/v2\/pages\/355\/revisions\/9987"}],"wp:featuredmedia":[{"embeddable":true,"href":"https:\/\/www.prenovaglobal.com\/index.php?rest_route=\/wp\/v2\/media\/9230"}],"wp:attachment":[{"href":"https:\/\/www.prenovaglobal.com\/index.php?rest_route=%2Fwp%2Fv2%2Fmedia&parent=355"}],"curies":[{"name":"wp","href":"https:\/\/api.w.org\/{rel}","templated":true}]}}