{"id":4954,"date":"2022-08-10T03:58:02","date_gmt":"2022-08-10T03:58:02","guid":{"rendered":"http:\/\/www.prenovaglobal.com\/?page_id=4954"},"modified":"2025-03-29T03:08:12","modified_gmt":"2025-03-29T03:08:12","slug":"contact","status":"publish","type":"page","link":"http:\/\/www.prenovaglobal.com\/index.php\/en\/contact\/","title":{"rendered":"Contact"},"content":{"rendered":"\t\t<div data-elementor-type=\"wp-page\" data-elementor-id=\"4954\" class=\"elementor elementor-4954\">\n\t\t\t\t<div class=\"elementor-element elementor-element-1bec84a5 e-flex e-con-boxed e-con e-parent\" data-id=\"1bec84a5\" data-element_type=\"container\">\n\t\t\t\t\t<div class=\"e-con-inner\">\n\t\t\t\t\t<\/div>\n\t\t\t\t<\/div>\n\t\t<div class=\"elementor-element elementor-element-3ec4969c e-flex e-con-boxed e-con e-parent\" data-id=\"3ec4969c\" data-element_type=\"container\">\n\t\t\t\t\t<div class=\"e-con-inner\">\n\t\t\t\t<div class=\"elementor-element elementor-element-7d7c80d5 elementor-widget__width-inherit elementor-absolute elementor-invisible elementor-widget elementor-widget-heading\" data-id=\"7d7c80d5\" data-element_type=\"widget\" data-settings=\"{&quot;_position&quot;:&quot;absolute&quot;,&quot;_animation&quot;:&quot;fadeInUp&quot;}\" data-widget_type=\"heading.default\">\n\t\t\t\t<div class=\"elementor-widget-container\">\n\t\t\t\t\t<h2 class=\"elementor-heading-title elementor-size-default\">Contact Prenova<\/h2>\t\t\t\t<\/div>\n\t\t\t\t<\/div>\n\t\t\t\t\t<\/div>\n\t\t\t\t<\/div>\n\t\t<div class=\"elementor-element elementor-element-46874a0b e-con-full e-flex e-con e-parent\" data-id=\"46874a0b\" data-element_type=\"container\" data-settings=\"{&quot;background_background&quot;:&quot;classic&quot;}\">\n\t\t<div class=\"elementor-element elementor-element-6969b9f4 e-con-full e-flex e-con e-child\" data-id=\"6969b9f4\" data-element_type=\"container\">\n\t\t<div class=\"elementor-element elementor-element-3c1747a6 e-flex e-con-boxed e-con e-child\" data-id=\"3c1747a6\" data-element_type=\"container\" data-settings=\"{&quot;background_background&quot;:&quot;classic&quot;}\">\n\t\t\t\t\t<div class=\"e-con-inner\">\n\t\t\t\t<div class=\"elementor-element elementor-element-5cef6d0f elementor-invisible elementor-widget elementor-widget-wpforms\" data-id=\"5cef6d0f\" data-element_type=\"widget\" data-settings=\"{&quot;_animation&quot;:&quot;fadeInUp&quot;}\" data-widget_type=\"wpforms.default\">\n\t\t\t\t<div class=\"elementor-widget-container\">\n\t\t\t\t\t<div class=\"wpforms-container wpforms-container-full\" id=\"wpforms-7703\"><form id=\"wpforms-form-7703\" class=\"wpforms-validate wpforms-form wpforms-ajax-form\" data-formid=\"7703\" method=\"post\" enctype=\"multipart\/form-data\" action=\"\/index.php\/wp-json\/wp\/v2\/pages\/4954\" data-token=\"739c4639f1a2f2c4f65cd271a25c21f4\" data-token-time=\"1776439341\"><noscript class=\"wpforms-error-noscript\">Please enable JavaScript in your browser to complete this form.<\/noscript><div class=\"wpforms-field-container\"><div id=\"wpforms-7703-field_3-container\" class=\"wpforms-field wpforms-field-name\" data-field-id=\"3\"><label class=\"wpforms-field-label\" for=\"wpforms-7703-field_3\">Nombre y Apellido <span class=\"wpforms-required-label\">*<\/span><\/label><div class=\"wpforms-field-row wpforms-field-medium\"><div class=\"wpforms-field-row-block wpforms-first wpforms-one-half\"><input type=\"text\" id=\"wpforms-7703-field_3\" class=\"wpforms-field-name-first wpforms-field-required\" name=\"wpforms[fields][3][first]\" required><label for=\"wpforms-7703-field_3\" class=\"wpforms-field-sublabel after wpforms-sublabel-hide\">First<\/label><\/div><div class=\"wpforms-field-row-block wpforms-one-half\"><input type=\"text\" id=\"wpforms-7703-field_3-last\" class=\"wpforms-field-name-last wpforms-field-required\" name=\"wpforms[fields][3][last]\" required><label for=\"wpforms-7703-field_3-last\" class=\"wpforms-field-sublabel after wpforms-sublabel-hide\">Last<\/label><\/div><\/div><\/div><div id=\"wpforms-7703-field_1-container\" class=\"wpforms-field wpforms-field-email\" data-field-id=\"1\"><label class=\"wpforms-field-label\" for=\"wpforms-7703-field_1\">Email <span class=\"wpforms-required-label\">*<\/span><\/label><input type=\"email\" id=\"wpforms-7703-field_1\" class=\"wpforms-field-medium wpforms-field-required\" name=\"wpforms[fields][1]\" spellcheck=\"false\" required><\/div><div id=\"wpforms-7703-field_4-container\" class=\"wpforms-field wpforms-field-text\" data-field-id=\"4\"><label class=\"wpforms-field-label\" for=\"wpforms-7703-field_4\">Tel\u00e9fono<\/label><input type=\"text\" id=\"wpforms-7703-field_4\" class=\"wpforms-field-medium\" name=\"wpforms[fields][4]\" ><\/div><div id=\"wpforms-7703-field_5-container\" class=\"wpforms-field wpforms-field-text\" data-field-id=\"5\"><label class=\"wpforms-field-label\" for=\"wpforms-7703-field_5\">Empresa<\/label><input type=\"text\" id=\"wpforms-7703-field_5\" class=\"wpforms-field-medium\" name=\"wpforms[fields][5]\" ><\/div><div id=\"wpforms-7703-field_6-container\" class=\"wpforms-field wpforms-field-text\" data-field-id=\"6\"><label class=\"wpforms-field-label\" for=\"wpforms-7703-field_6\">Pa\u00eds<\/label><input type=\"text\" id=\"wpforms-7703-field_6\" class=\"wpforms-field-medium\" name=\"wpforms[fields][6]\" ><\/div><div id=\"wpforms-7703-field_2-container\" class=\"wpforms-field wpforms-field-textarea\" data-field-id=\"2\"><label class=\"wpforms-field-label\" for=\"wpforms-7703-field_2\">Mensaje<\/label><textarea id=\"wpforms-7703-field_2\" class=\"wpforms-field-medium\" name=\"wpforms[fields][2]\" ><\/textarea><\/div><\/div><!-- .wpforms-field-container --><div class=\"wpforms-recaptcha-container wpforms-is-recaptcha wpforms-is-recaptcha-type-invisible\" ><div class=\"g-recaptcha\" data-sitekey=\"6Lee9IApAAAAAOa4Zu8e8wh9Vf_1Z470mUlnl07X\" data-size=\"invisible\"><\/div><\/div><div class=\"wpforms-submit-container\" ><input type=\"hidden\" name=\"wpforms[id]\" value=\"7703\"><input type=\"hidden\" name=\"page_title\" value=\"\"><input type=\"hidden\" name=\"page_url\" value=\"http:\/\/www.prenovaglobal.com\/index.php\/wp-json\/wp\/v2\/pages\/4954\"><input type=\"hidden\" name=\"url_referer\" value=\"\"><button type=\"submit\" name=\"wpforms[submit]\" id=\"wpforms-submit-7703\" class=\"wpforms-submit botn-enviar\" data-alt-text=\"Enviando...\" data-submit-text=\"Enviar\" aria-live=\"assertive\" value=\"wpforms-submit\">Enviar<\/button><img decoding=\"async\" src=\"http:\/\/www.prenovaglobal.com\/wp-content\/plugins\/wpforms-lite\/assets\/images\/submit-spin.svg\" class=\"wpforms-submit-spinner\" style=\"display: none;\" width=\"26\" height=\"26\" alt=\"Loading\"><\/div><\/form><\/div>  <!-- .wpforms-container -->\t\t\t\t<\/div>\n\t\t\t\t<\/div>\n\t\t\t\t\t<\/div>\n\t\t\t\t<\/div>\n\t\t\t\t<\/div>\n\t\t<div class=\"elementor-element elementor-element-695a01bd e-con-full e-flex e-con e-child\" data-id=\"695a01bd\" data-element_type=\"container\">\n\t\t<div class=\"elementor-element elementor-element-4def9c62 e-flex e-con-boxed e-con e-child\" data-id=\"4def9c62\" data-element_type=\"container\">\n\t\t\t\t\t<div class=\"e-con-inner\">\n\t\t<div class=\"elementor-element elementor-element-44dc19a6 e-flex e-con-boxed e-con e-child\" data-id=\"44dc19a6\" data-element_type=\"container\" data-settings=\"{&quot;background_background&quot;:&quot;classic&quot;}\">\n\t\t\t\t\t<div class=\"e-con-inner\">\n\t\t\t\t<div class=\"elementor-element elementor-element-4959c415 elementor-invisible elementor-widget elementor-widget-text-editor\" data-id=\"4959c415\" data-element_type=\"widget\" data-settings=\"{&quot;_animation&quot;:&quot;fadeInUp&quot;}\" data-widget_type=\"text-editor.default\">\n\t\t\t\t<div class=\"elementor-widget-container\">\n\t\t\t\t\t\t\t\t\t<div class=\"elementor-element elementor-element-3bc7df01 elementor-widget elementor-widget-heading\" data-id=\"3bc7df01\" data-element_type=\"widget\" data-widget_type=\"heading.default\"><div class=\"elementor-widget-container\"><p><strong>Our headquarters are located in Buenos Aires, Argentina.<\/strong><br \/><br \/><b>You&#8217;ll find us here:<\/b><br \/><br \/><span style=\"color: var( --e-global-color-text ); text-align: var(--text-align);\">H\u00fasares 2477 (CP:<\/span><span style=\"color: var( --e-global-color-text ); text-align: var(--text-align);\">1428) Bs. As., Argentina.<\/span><\/p><\/div><\/div><p>\u00a0<\/p><div class=\"elementor-element elementor-element-d10c97c elementor-icon-list--layout-traditional elementor-list-item-link-full_width elementor-widget elementor-widget-icon-list\" data-id=\"d10c97c\" data-element_type=\"widget\" data-widget_type=\"icon-list.default\"><div class=\"elementor-widget-container\"><strong><span class=\"elementor-icon-list-text\">PHONE:<\/span><\/strong> +54 9 11 6944-5993\u00a0 |\u00a0\u00a0+54 9 11 4143-1286<\/div><div class=\"elementor-widget-container\"><strong><span class=\"elementor-icon-list-text\">EMAIL: <\/span><\/strong><a href=\"mailto:contacto@prenova.com.ar\">contacto@prenova.com.ar<\/a><\/div><\/div><div>\u00a0<\/div><p>\u00a0<\/p><div><strong>We are represented in several countries.<\/strong><\/div>\t\t\t\t\t\t\t\t<\/div>\n\t\t\t\t<\/div>\n\t\t\t\t\t<\/div>\n\t\t\t\t<\/div>\n\t\t\t\t\t<\/div>\n\t\t\t\t<\/div>\n\t\t<div class=\"elementor-element elementor-element-1767390f e-flex e-con-boxed e-con e-child\" data-id=\"1767390f\" data-element_type=\"container\" data-settings=\"{&quot;background_background&quot;:&quot;classic&quot;}\">\n\t\t\t\t\t<div class=\"e-con-inner\">\n\t\t<div class=\"elementor-element elementor-element-2f01001e e-flex e-con-boxed e-con e-child\" data-id=\"2f01001e\" data-element_type=\"container\" data-settings=\"{&quot;background_background&quot;:&quot;classic&quot;}\">\n\t\t\t\t\t<div class=\"e-con-inner\">\n\t\t\t\t<div class=\"elementor-element elementor-element-3e1c71d7 elementor-widget elementor-widget-google_maps\" data-id=\"3e1c71d7\" data-element_type=\"widget\" data-widget_type=\"google_maps.default\">\n\t\t\t\t<div class=\"elementor-widget-container\">\n\t\t\t\t\t\t\t<div class=\"elementor-custom-embed\">\n\t\t\t<iframe loading=\"lazy\"\n\t\t\t\t\tsrc=\"https:\/\/maps.google.com\/maps?q=prenova&#038;t=m&#038;z=14&#038;output=embed&#038;iwloc=near\"\n\t\t\t\t\ttitle=\"prenova\"\n\t\t\t\t\taria-label=\"prenova\"\n\t\t\t><\/iframe>\n\t\t<\/div>\n\t\t\t\t\t\t<\/div>\n\t\t\t\t<\/div>\n\t\t\t\t\t<\/div>\n\t\t\t\t<\/div>\n\t\t\t\t\t<\/div>\n\t\t\t\t<\/div>\n\t\t\t\t<\/div>\n\t\t\t\t<\/div>\n\t\t\t\t<\/div>\n\t\t","protected":false},"excerpt":{"rendered":"<p>Contact Prenova Please enable JavaScript in your browser to complete this form.Nombre y Apellido *FirstLastEmail *Tel\u00e9fonoEmpresaPa\u00edsMensaje Enviar Our headquarters are located in Buenos Aires, Argentina. You&#8217;ll find us here: H\u00fasares 2477 (CP:1428) Bs. As., Argentina. \u00a0 PHONE: +54 9 11 6944-5993\u00a0 |\u00a0\u00a0+54 9 11 4143-1286EMAIL: contacto@prenova.com.ar\u00a0 \u00a0 We are represented in several countries.<\/p>\n","protected":false},"author":2,"featured_media":9751,"parent":0,"menu_order":0,"comment_status":"closed","ping_status":"closed","template":"","meta":{"_monsterinsights_skip_tracking":false,"_monsterinsights_sitenote_active":false,"_monsterinsights_sitenote_note":"","_monsterinsights_sitenote_category":0,"inspiro_hide_title":false,"footnotes":""},"class_list":["post-4954","page","type-page","status-publish","has-post-thumbnail","hentry"],"_links":{"self":[{"href":"http:\/\/www.prenovaglobal.com\/index.php\/wp-json\/wp\/v2\/pages\/4954","targetHints":{"allow":["GET"]}}],"collection":[{"href":"http:\/\/www.prenovaglobal.com\/index.php\/wp-json\/wp\/v2\/pages"}],"about":[{"href":"http:\/\/www.prenovaglobal.com\/index.php\/wp-json\/wp\/v2\/types\/page"}],"author":[{"embeddable":true,"href":"http:\/\/www.prenovaglobal.com\/index.php\/wp-json\/wp\/v2\/users\/2"}],"replies":[{"embeddable":true,"href":"http:\/\/www.prenovaglobal.com\/index.php\/wp-json\/wp\/v2\/comments?post=4954"}],"version-history":[{"count":5,"href":"http:\/\/www.prenovaglobal.com\/index.php\/wp-json\/wp\/v2\/pages\/4954\/revisions"}],"predecessor-version":[{"id":10093,"href":"http:\/\/www.prenovaglobal.com\/index.php\/wp-json\/wp\/v2\/pages\/4954\/revisions\/10093"}],"wp:featuredmedia":[{"embeddable":true,"href":"http:\/\/www.prenovaglobal.com\/index.php\/wp-json\/wp\/v2\/media\/9751"}],"wp:attachment":[{"href":"http:\/\/www.prenovaglobal.com\/index.php\/wp-json\/wp\/v2\/media?parent=4954"}],"curies":[{"name":"wp","href":"https:\/\/api.w.org\/{rel}","templated":true}]}}